{"id":668,"date":"2023-03-13T10:10:53","date_gmt":"2023-03-13T10:10:53","guid":{"rendered":"https:\/\/expertconta-bill.ro\/?page_id=668"},"modified":"2023-03-13T10:17:57","modified_gmt":"2023-03-13T10:17:57","slug":"politica-de-confidentialitate","status":"publish","type":"page","link":"https:\/\/expertconta-bill.ro\/index.php\/politica-de-confidentialitate\/","title":{"rendered":"Politic\u0103 de confiden\u021bialitate"},"content":{"rendered":"\n<h2 class=\"wp-block-heading\"><strong>Termeni \u0219i condi\u021bii<\/strong><\/h2>\n\n\n\n<h2 class=\"wp-block-heading\">Cine suntem?<\/h2>\n\n\n\n<p>KARMEN CONTA-BILL S.R.L., persoan\u0103 juridic\u0103 rom\u00e2n\u0103, cu sediul \u00een Ilfov, Str. Cire\u0219ar, Nr. 8A, Parter, Ap. 2, Camera 1, \u00eenregistrat\u0103 la Registrul Comer\u021bului sub nr. J23\/6967\/2021, cod unic de \u00eenregistrare CUI 45185987, v\u0103 transmitem aceast\u0103 Politica de Confiden\u021bialitate pentru a v\u0103 explica modul \u00een care prelucr\u0103m \u0219i protej\u0103m datele cu caracter personal.<\/p>\n\n\n\n<p>\u00cen procesul de prelucrare a datelor dumneavoastr\u0103 cu caracter personal, descris \u00een aceast\u0103 Politic\u0103 de confiden\u021bialitate, Karmen Conta-bill va ac\u021biona \u00een calitate de operator, calitate \u00een care va implementa \u0219i men\u021bine standarde adecvate de confiden\u021bialitate \u0219i transparen\u021b\u0103 pentru a proteja drepturile \u0219i interesele legitime ale persoanelor vizate. Adresa site-ului nostru web fiind: <a href=\"https:\/\/expertconta-bill.ro\/\">https:\/\/expertconta-bill.ro<\/a> .<\/p>\n\n\n\n<h2 class=\"wp-block-heading\">Comentarii<\/h2>\n\n\n\n<p><strong>Prezenta not\u0103 de informare se aplic\u0103 prelucr\u0103rii datelor cu caracter personal ale:<\/strong><\/p>\n\n\n\n<ul class=\"wp-block-list\">\n<li>Vizitatorilor \u0219i utilizatorilor site-ului nostru <a href=\"https:\/\/expertconta-bill.ro\">https:\/\/expertconta-bill.ro<\/a> .<\/li>\n\n\n\n<li>Persoanelor fizice care ne comunic\u0103 datele cu caracter personal \u00een contextul interac\u021biunii cu Karmen Conta-bill, ca de exemplu vizitatori sau persoane care solicit\u0103 \u00eencheierea unui contract.<\/li>\n<\/ul>\n\n\n\n<p>C\u00e2nd vizitatorii las\u0103 informa\u021bii pe site, colect\u0103m datele ar\u0103tate \u00een formularele de contact, dar \u0219i adresa IP a vizitatorului \u0219i \u0219irul agen\u021bilor utilizator din navigator pentru a ne ajuta la detectarea spamului.<\/p>\n\n\n\n<p>Un \u0219ir f\u0103cut anonim (numit \u0219i un hash), creat din adresele tale de email, poate fi furnizat serviciului Gravatar pentru a vedea dac\u0103 \u00eel folose\u0219ti. Politica de confiden\u021bialitate a serviciului Gravatar este disponibil\u0103 aici: https:\/\/automattic.com\/privacy\/.<\/p>\n\n\n\n<p><strong>Colect\u0103m \u0219i prelucr\u0103m datele dumneavoastr\u0103 cu caracter personal astfel:<\/strong><\/p>\n\n\n\n<ul class=\"wp-block-list\">\n<li>din informa\u021biile pe care ni le furniza\u021bi prin completarea formularului din pagina de Tarife de pe site-ul nostru;<\/li>\n\n\n\n<li>prin coresponden\u021ba cu noi prin telefon, e-mail sau \u00een orice alt\u0103 modalitate prin care ne transmite\u021bi datele cu caracter personal;<\/li>\n\n\n\n<li>prin navigarea pe site-ul <a href=\"https:\/\/expertconta-bill.ro\/\">https:\/\/expertconta-bill.ro\/<\/a>;<\/li>\n<\/ul>\n\n\n\n<p>Informa\u021biile pe care ni le furniza\u021bi pot include numele, adresa de e-mail \u0219i num\u0103rul de telefon, compania, precum \u0219i alte informa\u021bii, dup\u0103 caz.<\/p>\n\n\n\n<p>Prin activitatea desf\u0103\u0219urat\u0103 pe site, nu vom colecta sau prelucra date cu caracter personal sensibile legate de dumneavoastr\u0103 (i.e. informa\u021bii despre originea rasial\u0103 sau etnic\u0103, opiniile politice, confesiunea religioas\u0103 sau convingerile filozofice, s\u0103n\u0103tatea, via\u021ba sexual\u0103 sau orientarea sexual\u0103, apartenen\u021ba la un sindicat ori date privind condamn\u0103ri penale sau infrac\u021biuni).<\/p>\n\n\n\n<p><strong>De fiecare dat\u0103 c\u00e2nd vizita\u021bi site-ul <a href=\"https:\/\/expertconta-bill.ro\/\">https:\/\/expertconta-bill.ro\/&nbsp;<\/a>, colect\u0103m automat urm\u0103toarele date:<\/strong><\/p>\n\n\n\n<ul class=\"wp-block-list\">\n<li>date tehnice, de exemplu acest lucru poate include Adresa Internet Protocol (IP) utilizat\u0103 pentru conectarea calculatorului dumneavoastr\u0103 la internet, informa\u021biile de conectare, tipul \u0219i versiunea de browser, setarea fusului orar, tipurile \u0219i versiunile extensiilor de browser (plug-in), sistemul \u0219i platforma de operare, tipul dispozitivului \u0219i marca dispozitivului mobil; aceste date sunt colectate \u0219i prelucrate \u00een numele nostru, prin fi\u015fierele de tip cookie ale ter\u021belor p\u0103r\u021bi \u0219i pute\u021bi g\u0103si mai multe informa\u021bii despre acest lucru la adresa&nbsp;<em><u>Politica privind utilizarea fi\u0219ierelor cookie<\/u><\/em>&nbsp;;<\/li>\n\n\n\n<li>date despre vizita dumneavoastr\u0103, de exemplu acest lucru poate include date despre URL, secven\u021b\u0103 de clicuri c\u0103tre, prin \u0219i de la site-ul&nbsp;<a href=\"http:\/\/www.wizrom.ro\/\">https:\/\/expertconta-bill.ro\/<\/a>&nbsp;(inclusiv data \u0219i ora), informa\u021biile sau produsele pe care le-a\u021bi vizualizat sau c\u0103utat pe site.<\/li>\n<\/ul>\n\n\n\n<p><strong>Putem prelucra datele dumneavoastr\u0103 cu caracter personal \u00een urm\u0103toarele cazuri:<\/strong><\/p>\n\n\n\n<ul class=\"wp-block-list\">\n<li>atunci c\u00e2nd trebuie s\u0103 \u00eentreprindem m\u0103surile necesare pentru a \u00eencheia un contract cu dumneavoastr\u0103;<\/li>\n\n\n\n<li>atunci c\u00e2nd trebuie s\u0103 execut\u0103m un contract pe care l-am \u00eencheiat cu dumneavoastr\u0103;<\/li>\n\n\n\n<li>atunci c\u00e2nd trebuie s\u0103 respect\u0103m o obliga\u021bie legal\u0103 (i.e. legile aplicabile \u00een rela\u0163iile de munc\u0103, contabilitate, audit);<\/li>\n\n\n\n<li>atunci c\u00e2nd este necesar pentru interesele noastre legitime (sau pentru cele ale unei ter\u021be p\u0103r\u021bi) \u0219i pentru interesele dumneavoastr\u0103 (i.e. pentru detectarea \u0219i prevenirea fraudei sau pentru asigurarea securit\u0103\u021bii IT \u0219i a re\u021belei informatice), cu excep\u021bia cazului \u00een care drepturile dumneavoastr\u0103 fundamentale prevaleaz\u0103 fa\u021b\u0103 de aceste interese;<\/li>\n\n\n\n<li>\u00een cazul \u00een care este necesar pentru interesul public sau \u00een scopuri oficiale.<\/li>\n<\/ul>\n\n\n\n<p><strong>Prelucr\u0103m datele dumneavoastr\u0103 cu caracter personal pentru diverse motive tehnice, administrative \u0219i opera\u021bionale, cum ar fi:<\/strong><\/p>\n\n\n\n<ul class=\"wp-block-list\">\n<li>pentru a ne asigura de prezentarea con\u021binutului \u00een modul cel mai eficient pentru dumneavoastr\u0103;<\/li>\n\n\n\n<li>pentru a \u00eembun\u0103t\u0103\u021bi site-ul&nbsp;<a href=\"https:\/\/expertconta-bill.ro\/\">https:\/\/expertconta-bill.ro\/<\/a> , inclusiv func\u021bionalitatea acestuia;<\/li>\n\n\n\n<li>pentru administrarea site-ului&nbsp;<a href=\"https:\/\/expertconta-bill.ro\/\">https:\/\/expertconta-bill.ro\/<\/a>;<\/li>\n\n\n\n<li>pentru opera\u021biunile interne, inclusiv \u00een scopuri de depanare, analiz\u0103 a datelor, testare, cercetare, statistic\u0103 \u0219i de cercetare;<\/li>\n\n\n\n<li>pentru a p\u0103stra site-ul&nbsp;<a href=\"https:\/\/expertconta-bill.ro\/\">https:\/\/expertconta-bill.ro\/<\/a> \u00een condi\u021bii de siguran\u021b\u0103;<\/li>\n\n\n\n<li>pentru publicitate \u0219i marketing, inclusiv pentru scopuri de marketing specific, astfel \u00eenc\u00e2t s\u0103 oferim un con\u021binut, inclusiv un con\u021binut personalizat, care ar putea fi de interes mai mare pentru dumneavoastr\u0103;<\/li>\n\n\n\n<li>pentru protejarea intereselor vitale ale persoanei vizate sau ale altei persoanei fizice;<\/li>\n\n\n\n<li>pentru \u00eendeplinirea unei sarcini de interes public;<\/li>\n\n\n\n<li>\u00een scopul intereselor legitime urm\u0103rite de Karmen Conta-bill sau de o parte ter\u021b\u0103, cu excep\u021bia cazului \u00een care prevaleaz\u0103 interesele sau drepturile \u0219i libert\u0103\u021bile fundamentale ale persoanei vizate.<\/li>\n<\/ul>\n\n\n\n<p><strong>Datele dumneavoastr\u0103 cu caracter personal pot fi, de asemenea, divulgate unor p\u0103r\u021bi <strong>ter\u021be<\/strong>, astfel:<\/strong><\/p>\n\n\n\n<ul class=\"wp-block-list\">\n<li>C\u0103tre parteneri de afaceri, furnizori \u0219i subcontractan\u021bi pentru executarea tuturor contractelor pe care le \u00eencheiem cu dumneavoastr\u0103, \u00een vederea furniz\u0103rii produselor \u0219i serviciilor solicitate de dumneavoastr\u0103;<\/li>\n\n\n\n<li>C\u0103tre furnizori de servicii care ofer\u0103 sprijin administrativ, profesional \u0219i tehnic Companiei pentru suport IT, de securitate \u0219i resurse comerciale;<\/li>\n\n\n\n<li>C\u0103tre consultan\u021bi externi (i.e. avoca\u021bi, contabili, auditori), \u00een scopuri specifice, atunci c\u00e2nd este necesar.<\/li>\n<\/ul>\n\n\n\n<p>Karmen Conta-bill efecuteaz\u0103 o evaluare prealabil\u0103 adecvat\u0103 \u00een selectarea p\u0103r\u021bilor ter\u021be furnizori de servicii \u0219i impune acestor furnizori de servicii s\u0103 men\u021bin\u0103 m\u0103suri de securitate tehnice \u0219i organizatorice adecvate \u00een vederea protej\u0103rii datelor cu caracter personal \u0219i pentru a prelucra datele cu caracter personal numai conform instruc\u021biunilor specificate de Karmen Conta-bill. Furnizorii de servicii vor avea dreptul s\u0103 utilizeze subcontractan\u021bi \u00een furnizarea serviciilor c\u0103tre Karmen Conta-bill, cu condi\u021bia ca fiecare subcontractant s\u0103 respecte acelea\u0219i obliga\u021bii de protec\u021bie a datelor ca \u0219i furnizorii de servicii.<\/p>\n\n\n\n<ul class=\"wp-block-list\">\n<li><\/li>\n<\/ul>\n\n\n\n<h2 class=\"wp-block-heading\">Con\u021binut \u00eenglobat de pe alte site-uri web<\/h2>\n\n\n\n<p>Articolele din acest site pot include con\u021binut \u00eenglobat (de exemplu, videouri, imagini, articole etc.). Con\u021binutul \u00eenglobat de pe alte site-uri web se comporta exact la fel ca \u0219i cum vizitatorii au vizualizat un alt site web.<\/p>\n\n\n\n<p>Aceste site-uri web pot s\u0103 colecteze date despre tine, s\u0103 foloseasc\u0103 cookie-uri, s\u0103 \u00eenglobeze urm\u0103rirea suplimentar\u0103 a ter\u021bilor \u0219i s\u0103-\u021bi monitorizeze interac\u021biunea cu con\u021binutul \u00eenglobat, inclusiv s\u0103-\u021bi urm\u0103reasc\u0103 interac\u021biunea cu con\u021binutul \u00eenglobat dac\u0103 ai un cont \u0219i e\u0219ti autentificat \u00een acel site web.<\/p>\n\n\n\n<h2 class=\"wp-block-heading\">C\u00e2t timp \u00ee\u021bi p\u0103str\u0103m datele<\/h2>\n\n\n\n<p>Dac\u0103 vei completa un formular datele personale \u0219i metadatele lui sunt p\u0103strate pe o perioad\u0103 nedeterminat\u0103. A\u0219a putem recunoa\u0219te \u0219i aproba automat toate formularele urm\u0103toare \u00een loc s\u0103 le \u021binem \u00eentr-o coad\u0103 pentru moderare.<\/p>\n\n\n\n<p>Pentru utilizatorii (dac\u0103 exist\u0103) care se \u00eenregistreaz\u0103 pe site-ul nostru web, stoc\u0103m \u0219i informa\u021biile personale pe care le furnizeaz\u0103 \u00een profilul lor de utilizator. To\u021bi utilizatorii \u00ee\u0219i pot vedea, edita sau \u0219terge informa\u021biile personale oric\u00e2nd (dar nu \u00ee\u0219i pot schimba numele de utilizator). De asemenea, administratorii site-ului web pot vedea \u0219i edita aceste informa\u021bii.<\/p>\n\n\n\n<h2 class=\"wp-block-heading\">Ce drepturi ai asupra datelor tale<\/h2>\n\n\n\n<p>Dac\u0103 ai un cont sau ai l\u0103sat comentarii pe acest site web, po\u021bi cere s\u0103 prime\u0219ti un fi\u0219ier de export cu datele cu caracter personal pe care le de\u021binem despre tine, inclusiv toate datele pe care ni le-ai furnizat. De asemenea, ne po\u021bi cere s\u0103 \u0219tergem toate datele cu caracter personal pe care le de\u021binem despre tine. Acestea nu includ \u0219i toate datele pe care suntem obliga\u021bi s\u0103 le p\u0103str\u0103m \u00een scopuri administrative, juridice sau de securitate.<\/p>\n\n\n\n<h2 class=\"wp-block-heading\"><strong>Politica privind utilizarea fi\u0219ierelor cookie&nbsp;<\/strong><\/h2>\n\n\n\n<p>Dac\u0103 la\u0219i un comentariu pe site-ul nostru, po\u021bi opta pentru salvarea \u00een cookie-uri a numelui, adresei de email \u0219i site-ului t\u0103u web. Acestea sunt pentru confortul t\u0103u, astfel nu mai trebuie s\u0103 le completezi din nou c\u00e2nd la\u0219i un alt comentariu. Aceste cookie-uri vor fi valabile un an.<\/p>\n\n\n\n<p>Dac\u0103 mergi la pagina noastr\u0103 de autentificare, vom seta un cookie temporar pentru a determina dac\u0103 navigatorul t\u0103u accept\u0103 cookie-uri. Acest cookie nu con\u021bine date personale \u0219i este eliminat c\u00e2nd \u00eenchizi navigatorul.<\/p>\n\n\n\n<p>C\u00e2nd te autentifici, vom seta \u0219i c\u00e2teva cookie-uri pentru a-\u021bi salva informa\u021biile de autentificare \u0219i op\u021biunile de afi\u0219are pe ecran. Cookie-urile de autentificare sunt p\u0103strate dou\u0103 zile, iar cele pentru op\u021biuni de afi\u0219are pe ecran sunt p\u0103strate un an. Dac\u0103 selectezi \u201e\u021aine-m\u0103 minte\u201d, cookie-urile tale de autentificare vor fi p\u0103strate dou\u0103 s\u0103pt\u0103m\u00e2ni. Dac\u0103 te dezautentifici din cont, cookie-urile de autentificare vor fi eliminate.<\/p>\n\n\n\n<p>Dac\u0103 editezi sau publici un articol, un cookie suplimentar va fi salvat \u00een navigatorul t\u0103u. Acest cookie nu include date personale \u0219i indic\u0103 pur \u0219i simplu ID-ul articolului pe care tocmai l-ai editat. Ele expir\u0103 dup\u0103 365 zile.<\/p>\n","protected":false},"excerpt":{"rendered":"<p>Termeni \u0219i condi\u021bii Cine suntem? KARMEN CONTA-BILL S.R.L., persoan\u0103 juridic\u0103 rom\u00e2n\u0103, cu sediul \u00een Ilfov, Str. Cire\u0219ar, Nr. 8A, Parter, Ap. 2, Camera 1, \u00eenregistrat\u0103 la Registrul Comer\u021bului sub nr. J23\/6967\/2021, cod unic de \u00eenregistrare CUI 45185987, v\u0103 transmitem aceast\u0103 Politica de Confiden\u021bialitate pentru a v\u0103 explica modul \u00een care prelucr\u0103m \u0219i protej\u0103m datele cu &hellip;<\/p>\n<p class=\"read-more\"> <a class=\"\" href=\"https:\/\/expertconta-bill.ro\/index.php\/politica-de-confidentialitate\/\"> <span class=\"screen-reader-text\">Politic\u0103 de confiden\u021bialitate<\/span> Read More &raquo;<\/a><\/p>\n","protected":false},"author":1,"featured_media":0,"parent":0,"menu_order":0,"comment_status":"closed","ping_status":"closed","template":"","meta":{"site-sidebar-layout":"default","site-content-layout":"default","ast-main-header-display":"","ast-hfb-above-header-display":"","ast-hfb-below-header-display":"","ast-hfb-mobile-header-display":"","site-post-title":"","ast-breadcrumbs-content":"","ast-featured-img":"","footer-sml-layout":"","theme-transparent-header-meta":"","adv-header-id-meta":"","stick-header-meta":"","header-above-stick-meta":"","header-main-stick-meta":"","header-below-stick-meta":"","footnotes":""},"class_list":["post-668","page","type-page","status-publish","hentry"],"yoast_head":"<!-- This site is optimized with the Yoast SEO plugin v18.4.1 - https:\/\/yoast.com\/wordpress\/plugins\/seo\/ -->\n<title>Politic\u0103 de confiden\u021bialitate - ExpertContaBill<\/title>\n<meta name=\"robots\" content=\"index, follow, max-snippet:-1, max-image-preview:large, max-video-preview:-1\" \/>\n<link rel=\"canonical\" href=\"https:\/\/expertconta-bill.ro\/index.php\/politica-de-confidentialitate\/\" \/>\n<meta property=\"og:locale\" content=\"ro_RO\" \/>\n<meta property=\"og:type\" content=\"article\" \/>\n<meta property=\"og:title\" content=\"Politic\u0103 de confiden\u021bialitate - ExpertContaBill\" \/>\n<meta property=\"og:description\" content=\"Termeni \u0219i condi\u021bii Cine suntem? KARMEN CONTA-BILL S.R.L., persoan\u0103 juridic\u0103 rom\u00e2n\u0103, cu sediul \u00een Ilfov, Str. Cire\u0219ar, Nr. 8A, Parter, Ap. 2, Camera 1, \u00eenregistrat\u0103 la Registrul Comer\u021bului sub nr. J23\/6967\/2021, cod unic de \u00eenregistrare CUI 45185987, v\u0103 transmitem aceast\u0103 Politica de Confiden\u021bialitate pentru a v\u0103 explica modul \u00een care prelucr\u0103m \u0219i protej\u0103m datele cu &hellip; Politic\u0103 de confiden\u021bialitate Read More &raquo;\" \/>\n<meta property=\"og:url\" content=\"https:\/\/expertconta-bill.ro\/index.php\/politica-de-confidentialitate\/\" \/>\n<meta property=\"og:site_name\" content=\"ExpertContaBill\" \/>\n<meta property=\"article:modified_time\" content=\"2023-03-13T10:17:57+00:00\" \/>\n<meta name=\"twitter:card\" content=\"summary_large_image\" \/>\n<meta name=\"twitter:label1\" content=\"Timp estimat pentru citire\" \/>\n\t<meta name=\"twitter:data1\" content=\"8 minute\" \/>\n<script type=\"application\/ld+json\" class=\"yoast-schema-graph\">{\"@context\":\"https:\/\/schema.org\",\"@graph\":[{\"@type\":\"WebSite\",\"@id\":\"https:\/\/expertconta-bill.ro\/#website\",\"url\":\"https:\/\/expertconta-bill.ro\/\",\"name\":\"ExpertContaBill\",\"description\":\"Just another WordPress site\",\"potentialAction\":[{\"@type\":\"SearchAction\",\"target\":{\"@type\":\"EntryPoint\",\"urlTemplate\":\"https:\/\/expertconta-bill.ro\/?s={search_term_string}\"},\"query-input\":\"required name=search_term_string\"}],\"inLanguage\":\"ro-RO\"},{\"@type\":\"WebPage\",\"@id\":\"https:\/\/expertconta-bill.ro\/index.php\/politica-de-confidentialitate\/#webpage\",\"url\":\"https:\/\/expertconta-bill.ro\/index.php\/politica-de-confidentialitate\/\",\"name\":\"Politic\u0103 de confiden\u021bialitate - ExpertContaBill\",\"isPartOf\":{\"@id\":\"https:\/\/expertconta-bill.ro\/#website\"},\"datePublished\":\"2023-03-13T10:10:53+00:00\",\"dateModified\":\"2023-03-13T10:17:57+00:00\",\"breadcrumb\":{\"@id\":\"https:\/\/expertconta-bill.ro\/index.php\/politica-de-confidentialitate\/#breadcrumb\"},\"inLanguage\":\"ro-RO\",\"potentialAction\":[{\"@type\":\"ReadAction\",\"target\":[\"https:\/\/expertconta-bill.ro\/index.php\/politica-de-confidentialitate\/\"]}]},{\"@type\":\"BreadcrumbList\",\"@id\":\"https:\/\/expertconta-bill.ro\/index.php\/politica-de-confidentialitate\/#breadcrumb\",\"itemListElement\":[{\"@type\":\"ListItem\",\"position\":1,\"name\":\"Prima pagin\u0103\",\"item\":\"https:\/\/expertconta-bill.ro\/\"},{\"@type\":\"ListItem\",\"position\":2,\"name\":\"Politic\u0103 de confiden\u021bialitate\"}]}]}<\/script>\n<!-- \/ Yoast SEO plugin. -->","yoast_head_json":{"title":"Politic\u0103 de confiden\u021bialitate - ExpertContaBill","robots":{"index":"index","follow":"follow","max-snippet":"max-snippet:-1","max-image-preview":"max-image-preview:large","max-video-preview":"max-video-preview:-1"},"canonical":"https:\/\/expertconta-bill.ro\/index.php\/politica-de-confidentialitate\/","og_locale":"ro_RO","og_type":"article","og_title":"Politic\u0103 de confiden\u021bialitate - ExpertContaBill","og_description":"Termeni \u0219i condi\u021bii Cine suntem? KARMEN CONTA-BILL S.R.L., persoan\u0103 juridic\u0103 rom\u00e2n\u0103, cu sediul \u00een Ilfov, Str. Cire\u0219ar, Nr. 8A, Parter, Ap. 2, Camera 1, \u00eenregistrat\u0103 la Registrul Comer\u021bului sub nr. J23\/6967\/2021, cod unic de \u00eenregistrare CUI 45185987, v\u0103 transmitem aceast\u0103 Politica de Confiden\u021bialitate pentru a v\u0103 explica modul \u00een care prelucr\u0103m \u0219i protej\u0103m datele cu &hellip; Politic\u0103 de confiden\u021bialitate Read More &raquo;","og_url":"https:\/\/expertconta-bill.ro\/index.php\/politica-de-confidentialitate\/","og_site_name":"ExpertContaBill","article_modified_time":"2023-03-13T10:17:57+00:00","twitter_card":"summary_large_image","twitter_misc":{"Timp estimat pentru citire":"8 minute"},"schema":{"@context":"https:\/\/schema.org","@graph":[{"@type":"WebSite","@id":"https:\/\/expertconta-bill.ro\/#website","url":"https:\/\/expertconta-bill.ro\/","name":"ExpertContaBill","description":"Just another WordPress site","potentialAction":[{"@type":"SearchAction","target":{"@type":"EntryPoint","urlTemplate":"https:\/\/expertconta-bill.ro\/?s={search_term_string}"},"query-input":"required name=search_term_string"}],"inLanguage":"ro-RO"},{"@type":"WebPage","@id":"https:\/\/expertconta-bill.ro\/index.php\/politica-de-confidentialitate\/#webpage","url":"https:\/\/expertconta-bill.ro\/index.php\/politica-de-confidentialitate\/","name":"Politic\u0103 de confiden\u021bialitate - ExpertContaBill","isPartOf":{"@id":"https:\/\/expertconta-bill.ro\/#website"},"datePublished":"2023-03-13T10:10:53+00:00","dateModified":"2023-03-13T10:17:57+00:00","breadcrumb":{"@id":"https:\/\/expertconta-bill.ro\/index.php\/politica-de-confidentialitate\/#breadcrumb"},"inLanguage":"ro-RO","potentialAction":[{"@type":"ReadAction","target":["https:\/\/expertconta-bill.ro\/index.php\/politica-de-confidentialitate\/"]}]},{"@type":"BreadcrumbList","@id":"https:\/\/expertconta-bill.ro\/index.php\/politica-de-confidentialitate\/#breadcrumb","itemListElement":[{"@type":"ListItem","position":1,"name":"Prima pagin\u0103","item":"https:\/\/expertconta-bill.ro\/"},{"@type":"ListItem","position":2,"name":"Politic\u0103 de confiden\u021bialitate"}]}]}},"_links":{"self":[{"href":"https:\/\/expertconta-bill.ro\/index.php\/wp-json\/wp\/v2\/pages\/668","targetHints":{"allow":["GET"]}}],"collection":[{"href":"https:\/\/expertconta-bill.ro\/index.php\/wp-json\/wp\/v2\/pages"}],"about":[{"href":"https:\/\/expertconta-bill.ro\/index.php\/wp-json\/wp\/v2\/types\/page"}],"author":[{"embeddable":true,"href":"https:\/\/expertconta-bill.ro\/index.php\/wp-json\/wp\/v2\/users\/1"}],"replies":[{"embeddable":true,"href":"https:\/\/expertconta-bill.ro\/index.php\/wp-json\/wp\/v2\/comments?post=668"}],"version-history":[{"count":4,"href":"https:\/\/expertconta-bill.ro\/index.php\/wp-json\/wp\/v2\/pages\/668\/revisions"}],"predecessor-version":[{"id":680,"href":"https:\/\/expertconta-bill.ro\/index.php\/wp-json\/wp\/v2\/pages\/668\/revisions\/680"}],"wp:attachment":[{"href":"https:\/\/expertconta-bill.ro\/index.php\/wp-json\/wp\/v2\/media?parent=668"}],"curies":[{"name":"wp","href":"https:\/\/api.w.org\/{rel}","templated":true}]}}